{"id":185,"date":"2022-05-06T12:12:50","date_gmt":"2022-05-06T12:12:50","guid":{"rendered":"https:\/\/pacific-logging.com\/site\/about-us\/"},"modified":"2022-05-06T12:22:00","modified_gmt":"2022-05-06T12:22:00","slug":"emgad","status":"publish","type":"page","link":"https:\/\/pacific-logging.com\/site\/emgad\/","title":{"rendered":"EMGAD"},"content":{"rendered":"\n\n\n<h2>EQUIPO DE MEDICI&Oacute;N DE FLUJO DE GAS EMGAD<\/h2>\n\n\n\n\n<h2>La Empresa<\/h2>\nEl Medidor de Flujo de gas adquisici\u00f3n de datos EMGAD Series EMGAD -PLV&amp;RVF -OOO1, proporcionan mediciones precisas, en tiempo real, de flujo de gas a bajas y medias presiones . Los instrumentos utilizan tecnolog\u00eda patentada para lograr una precisi\u00f3n sin precedentes en medici\u00f3n de gas.\n<br><br>\nEl EMGAD, es un equipo de medici\u00f3n m\u00f3vil o port\u00e1til, no utiliza fuentes nucleares, es capaz de operar transmitiendo datos a distancias en modo real, y tiene un tama\u00f1o compacto. Ofreciendo servicios de prueba de gas de producci\u00f3n o de gas de venteo en pozos como en las salidas de otros equipos con instrumentos port\u00e1tiles dotados con alta tecnolog\u00eda en medici\u00f3n, sistemas de adquisici\u00f3n y an\u00e1lisis de datos, contamos con un personal experto, conformando as\u00ed un equipo de trabajo altamente calificado, Listo para cubrir sus necesidades, con la rapidez y confiabilidad que  caracteriza a nuestros SKID de Medici\u00f3n de gas, proporcion\u00e1ndoles resultados exactos de\nmanera r\u00e1pida y en tiempo real.\n\n\n\n\n\n\n\n\n<h2>Detalles<\/h2>\n<p>La unidad ha sido fabricada para operar bajo las necesidades y condiciones operacionales de\nrangos de flujo, presi\u00f3n y temperatura del campo Boscan ubicado en el estado Zulia, Venezuela.<\/p>\n\n\n\nDesign and Test Pressure: 3OO PSIG\nDesign Temperature.: -20 to + 400 \u00b0F\nGas Operational Range: 0 &#8211; 3.0 mmpcpd\n\n\n\n\nDensity Gas: 0 &#8211; 5000 kg\/m3\nMass flow sensor Coriolis: Model cifO1Om323nu, sensor pipe diameter: 3\u201d inch 600 ansi\n\n\n\n\n\n\n","protected":false},"excerpt":{"rendered":"","protected":false},"author":1,"featured_media":0,"parent":0,"menu_order":0,"comment_status":"closed","ping_status":"closed","template":"","meta":{"footnotes":""},"class_list":["post-185","page","type-page","status-publish","hentry"],"_links":{"self":[{"href":"https:\/\/pacific-logging.com\/site\/wp-json\/wp\/v2\/pages\/185","targetHints":{"allow":["GET"]}}],"collection":[{"href":"https:\/\/pacific-logging.com\/site\/wp-json\/wp\/v2\/pages"}],"about":[{"href":"https:\/\/pacific-logging.com\/site\/wp-json\/wp\/v2\/types\/page"}],"author":[{"embeddable":true,"href":"https:\/\/pacific-logging.com\/site\/wp-json\/wp\/v2\/users\/1"}],"replies":[{"embeddable":true,"href":"https:\/\/pacific-logging.com\/site\/wp-json\/wp\/v2\/comments?post=185"}],"version-history":[{"count":8,"href":"https:\/\/pacific-logging.com\/site\/wp-json\/wp\/v2\/pages\/185\/revisions"}],"predecessor-version":[{"id":196,"href":"https:\/\/pacific-logging.com\/site\/wp-json\/wp\/v2\/pages\/185\/revisions\/196"}],"wp:attachment":[{"href":"https:\/\/pacific-logging.com\/site\/wp-json\/wp\/v2\/media?parent=185"}],"curies":[{"name":"wp","href":"https:\/\/api.w.org\/{rel}","templated":true}]}}