{"id":201,"date":"2022-05-06T13:35:51","date_gmt":"2022-05-06T13:35:51","guid":{"rendered":"https:\/\/pacific-logging.com\/site\/about-us\/"},"modified":"2022-05-06T13:44:19","modified_gmt":"2022-05-06T13:44:19","slug":"emmad","status":"publish","type":"page","link":"https:\/\/pacific-logging.com\/site\/emmad\/","title":{"rendered":"EMMAD"},"content":{"rendered":"\n\n\n<h2>EQUIPO DE MEDICI&Oacute;N DE FLUJO M&Aacute;SICO EMMAD<\/h2>\n\n\n\n\n<h2>El Equipo<\/h2>\nEl Medidor de Flujo Multif\u00e1sico adquisici\u00f3n de datos EMMAD Series EMMAD -PLV&#038;RVF -OOO1,\nproporcionan mediciones precisas, en tiempo real, de crudo, agua y gas en forma simult\u00e1nea con\nseparaci\u00f3n de fases. Los instrumentos utilizan tecnolog\u00eda patentada para lograr una precisi\u00f3n sin\nprecedentes en medici\u00f3n de crudo &#038; gas.\n<br><br>\nEl EM MAD, es un equipo de medici\u00f3n m\u00f3vil o port\u00e1til, no utiliza fuentes nucleares, es capaz de operar\ntransmitiendo datos a distancias en modo real, y tiene un tama\u00f1o compacto. Ofreciendo servicios de\nprueba de producci\u00f3n de sus pozos con instrumentos port\u00e1tiles dotados con alta tecnolog\u00eda en medici\u00f3n,\nsistemas de adquisici\u00f3n y an\u00e1lisis de datos, contamos con un personal experto, conformando as\u00ed un\nequipo de trabajo altamente calificado, listo para cubrir sus necesidades, con la rapidez y confiabilidad\nque caracteriza a nuestros SKID de Medici\u00f3n de crudo &#038; gas, proporcion\u00e1ndoles resultados exactos de\nmanera r\u00e1pida y en tiempo real.\n\n\n\n\n\n\n\n\n<h2>Detalles<\/h2>\n\n\n\n\n","protected":false},"excerpt":{"rendered":"","protected":false},"author":1,"featured_media":0,"parent":0,"menu_order":0,"comment_status":"closed","ping_status":"closed","template":"","meta":{"footnotes":""},"class_list":["post-201","page","type-page","status-publish","hentry"],"_links":{"self":[{"href":"https:\/\/pacific-logging.com\/site\/wp-json\/wp\/v2\/pages\/201","targetHints":{"allow":["GET"]}}],"collection":[{"href":"https:\/\/pacific-logging.com\/site\/wp-json\/wp\/v2\/pages"}],"about":[{"href":"https:\/\/pacific-logging.com\/site\/wp-json\/wp\/v2\/types\/page"}],"author":[{"embeddable":true,"href":"https:\/\/pacific-logging.com\/site\/wp-json\/wp\/v2\/users\/1"}],"replies":[{"embeddable":true,"href":"https:\/\/pacific-logging.com\/site\/wp-json\/wp\/v2\/comments?post=201"}],"version-history":[{"count":4,"href":"https:\/\/pacific-logging.com\/site\/wp-json\/wp\/v2\/pages\/201\/revisions"}],"predecessor-version":[{"id":210,"href":"https:\/\/pacific-logging.com\/site\/wp-json\/wp\/v2\/pages\/201\/revisions\/210"}],"wp:attachment":[{"href":"https:\/\/pacific-logging.com\/site\/wp-json\/wp\/v2\/media?parent=201"}],"curies":[{"name":"wp","href":"https:\/\/api.w.org\/{rel}","templated":true}]}}