{"id":235,"date":"2022-05-06T15:04:07","date_gmt":"2022-05-06T15:04:07","guid":{"rendered":"https:\/\/pacific-logging.com\/site\/about-us\/"},"modified":"2022-05-06T15:30:18","modified_gmt":"2022-05-06T15:30:18","slug":"drillway-pro","status":"publish","type":"page","link":"https:\/\/pacific-logging.com\/site\/drillway-pro\/","title":{"rendered":"DrillWay PRO"},"content":{"rendered":"\n\n\n<h2>DRILLWAY PRO<\/h2>\n\n\n\n\n<h2>El Software<\/h2>\nEs un sistema robusto e integral que permite obtener toda la\ninformaci\u00f3n generada durante las actividades de perforaci\u00f3n y terminaci\u00f3n de pozos.\n<br\/><br\/>\nSu funci\u00f3n principal es guiar al personal operador para realizar la construcci\u00f3n del\npozo de la manera m\u00e1s eficiente, cuidando las herramientas del taladro y evitando\nmaniobras inadecuadas. F\u00e1cil de usar por el personal de perforaci\u00f3n por medio del\nempleo de una interfaz comprensible y amigable\n\n\n<h2>Caracter&iacute;sticas<\/h2>\n\nCalcula mas de 100 variables.\nCapaz de recibir mas de 18 se\u00f1ales anal\u00f3gicas y 8 digitales.\nM\u00faltiples pantallas de visualizaci\u00f3n.\nPrecisi\u00f3n y eficacia en sus mediciones y c\u00e1lculos.\nSalida de datos Wits.\nM\u00faltiples Reportes (Suabeo y Surgencia, Reporte de errores, Reportes de Log del sistema, Reportes de tendencias.\n\n\n\n\n\n\n\n\n\n\n\n\n\n","protected":false},"excerpt":{"rendered":"","protected":false},"author":1,"featured_media":0,"parent":0,"menu_order":0,"comment_status":"closed","ping_status":"closed","template":"","meta":{"footnotes":""},"class_list":["post-235","page","type-page","status-publish","hentry"],"_links":{"self":[{"href":"https:\/\/pacific-logging.com\/site\/wp-json\/wp\/v2\/pages\/235","targetHints":{"allow":["GET"]}}],"collection":[{"href":"https:\/\/pacific-logging.com\/site\/wp-json\/wp\/v2\/pages"}],"about":[{"href":"https:\/\/pacific-logging.com\/site\/wp-json\/wp\/v2\/types\/page"}],"author":[{"embeddable":true,"href":"https:\/\/pacific-logging.com\/site\/wp-json\/wp\/v2\/users\/1"}],"replies":[{"embeddable":true,"href":"https:\/\/pacific-logging.com\/site\/wp-json\/wp\/v2\/comments?post=235"}],"version-history":[{"count":2,"href":"https:\/\/pacific-logging.com\/site\/wp-json\/wp\/v2\/pages\/235\/revisions"}],"predecessor-version":[{"id":239,"href":"https:\/\/pacific-logging.com\/site\/wp-json\/wp\/v2\/pages\/235\/revisions\/239"}],"wp:attachment":[{"href":"https:\/\/pacific-logging.com\/site\/wp-json\/wp\/v2\/media?parent=235"}],"curies":[{"name":"wp","href":"https:\/\/api.w.org\/{rel}","templated":true}]}}