{"id":250,"date":"2022-05-06T17:50:35","date_gmt":"2022-05-06T17:50:35","guid":{"rendered":"https:\/\/pacific-logging.com\/site\/about-us\/"},"modified":"2022-05-06T18:31:35","modified_gmt":"2022-05-06T18:31:35","slug":"turboway","status":"publish","type":"page","link":"https:\/\/pacific-logging.com\/site\/turboway\/","title":{"rendered":"TurboWay"},"content":{"rendered":"\n\n\n<h2>TURBOWAY<\/h2>\n\n\n\n\n<h2>El Software<\/h2>\nTurboWay\u2122\nes un sistema de adquisici\u00f3n y visualizaci\u00f3n de datos, usado para la operaci\u00f3n y monitoreo de turbinas a gas en aplicaciones de compresi\u00f3n, bombeo y generaci\u00f3n el\u00e9ctrica.\n<br\/><br\/>\nActualiza el HMI asociado a turbocompresores, turbogeneradores y motocompresores de diversos fabricantes reconocidos y es capaz de integrarse a sistemas de control de Rockwell Automation, Siemens, etc.\n\n\n<h2>Caracter&iacute;sticas<\/h2>\nTurboWay\u2122&nbsp;cuenta con una interfaz de control y adquisicion local que brinda conexion directa a los PLCs del sistema de control e incorpora de forma nativa protocolos estandares como serial DF1, DH+, ControlNet y Ethernet.\n<br\/><br\/>\nTurboWay\u2122 tambi\u00e9n ofrece una interfaz remota, la cual le permite al usuario monitorear el equipo de turbina desde cualquier parte del mundo. Posee una base de datos embebida que garantiza la longevidad de la informaci\u00f3n.\n\n\n\n\n\n\n\n\n\n\n\n\n","protected":false},"excerpt":{"rendered":"","protected":false},"author":1,"featured_media":0,"parent":0,"menu_order":0,"comment_status":"closed","ping_status":"closed","template":"","meta":{"footnotes":""},"class_list":["post-250","page","type-page","status-publish","hentry"],"_links":{"self":[{"href":"https:\/\/pacific-logging.com\/site\/wp-json\/wp\/v2\/pages\/250","targetHints":{"allow":["GET"]}}],"collection":[{"href":"https:\/\/pacific-logging.com\/site\/wp-json\/wp\/v2\/pages"}],"about":[{"href":"https:\/\/pacific-logging.com\/site\/wp-json\/wp\/v2\/types\/page"}],"author":[{"embeddable":true,"href":"https:\/\/pacific-logging.com\/site\/wp-json\/wp\/v2\/users\/1"}],"replies":[{"embeddable":true,"href":"https:\/\/pacific-logging.com\/site\/wp-json\/wp\/v2\/comments?post=250"}],"version-history":[{"count":5,"href":"https:\/\/pacific-logging.com\/site\/wp-json\/wp\/v2\/pages\/250\/revisions"}],"predecessor-version":[{"id":265,"href":"https:\/\/pacific-logging.com\/site\/wp-json\/wp\/v2\/pages\/250\/revisions\/265"}],"wp:attachment":[{"href":"https:\/\/pacific-logging.com\/site\/wp-json\/wp\/v2\/media?parent=250"}],"curies":[{"name":"wp","href":"https:\/\/api.w.org\/{rel}","templated":true}]}}