{"id":267,"date":"2022-05-06T18:43:08","date_gmt":"2022-05-06T18:43:08","guid":{"rendered":"https:\/\/pacific-logging.com\/site\/about-us\/"},"modified":"2022-05-06T18:49:16","modified_gmt":"2022-05-06T18:49:16","slug":"automatizacion","status":"publish","type":"page","link":"https:\/\/pacific-logging.com\/site\/automatizacion\/","title":{"rendered":"Automatizaci\u00f3n"},"content":{"rendered":"\n\n\n<h2>Automatizaci\u00f3n e Integraci\u00f3n de Sistemas<\/h2>\n\n\n\n\n\nAutomatizaci\u00f3n y control de procesos.\nDise\u00f1o de arquitecturas basadas en PLC.\nSistemas de control y\/o actualizaciones para turbomaquinarias basados en PLC.\nAdquisici\u00f3n y transmisi\u00f3n de datos en tiempo real (taladros de perforaci\u00f3n y pozos productores a inyectores).\n\n\n\n\nAdquisici\u00f3n y transmisi\u00f3n de datos de las variables de procesos en pozos productores o de inyecci\u00f3n.\nDise\u00f1o e integraci\u00f3n de sistemas de comunicaci\u00f3n y administraci\u00f3n de activos basados en PLC, Scada e I\/O de campo.\nDesarrollo y\/o actualizaciones de sistemas AntiSurge para turbomaquinarias.\n\n\n\n","protected":false},"excerpt":{"rendered":"","protected":false},"author":1,"featured_media":0,"parent":0,"menu_order":0,"comment_status":"closed","ping_status":"closed","template":"","meta":{"footnotes":""},"class_list":["post-267","page","type-page","status-publish","hentry"],"_links":{"self":[{"href":"https:\/\/pacific-logging.com\/site\/wp-json\/wp\/v2\/pages\/267","targetHints":{"allow":["GET"]}}],"collection":[{"href":"https:\/\/pacific-logging.com\/site\/wp-json\/wp\/v2\/pages"}],"about":[{"href":"https:\/\/pacific-logging.com\/site\/wp-json\/wp\/v2\/types\/page"}],"author":[{"embeddable":true,"href":"https:\/\/pacific-logging.com\/site\/wp-json\/wp\/v2\/users\/1"}],"replies":[{"embeddable":true,"href":"https:\/\/pacific-logging.com\/site\/wp-json\/wp\/v2\/comments?post=267"}],"version-history":[{"count":2,"href":"https:\/\/pacific-logging.com\/site\/wp-json\/wp\/v2\/pages\/267\/revisions"}],"predecessor-version":[{"id":269,"href":"https:\/\/pacific-logging.com\/site\/wp-json\/wp\/v2\/pages\/267\/revisions\/269"}],"wp:attachment":[{"href":"https:\/\/pacific-logging.com\/site\/wp-json\/wp\/v2\/media?parent=267"}],"curies":[{"name":"wp","href":"https:\/\/api.w.org\/{rel}","templated":true}]}}