{"id":272,"date":"2022-05-06T18:52:34","date_gmt":"2022-05-06T18:52:34","guid":{"rendered":"https:\/\/pacific-logging.com\/site\/about-us\/"},"modified":"2022-05-06T18:55:29","modified_gmt":"2022-05-06T18:55:29","slug":"flujo","status":"publish","type":"page","link":"https:\/\/pacific-logging.com\/site\/flujo\/","title":{"rendered":"Flujo"},"content":{"rendered":"\n\n\n<h2>Flujo (Liquido y Gas)<\/h2>\n\n\n\n\n\nUnidades LACT (transferencia, custodio y fiscalizaci\u00f3n).\nSistemas de medici\u00f3n de flujo (monof\u00e1sico y bif\u00e1sico) fijo y portatiles.\nSistemas de inyecci\u00f3n de qu\u00edmico.\nPatines de gas combustible y de arranque.\n\n\n\n\nSistemas de recuperaci\u00f3n de vapor.\nSistemas autom\u00e1ticos de aire para instrumentos.\nSistemas de medici\u00f3n de gas a flare.\n\n\n\n","protected":false},"excerpt":{"rendered":"","protected":false},"author":1,"featured_media":0,"parent":0,"menu_order":0,"comment_status":"closed","ping_status":"closed","template":"","meta":{"footnotes":""},"class_list":["post-272","page","type-page","status-publish","hentry"],"_links":{"self":[{"href":"https:\/\/pacific-logging.com\/site\/wp-json\/wp\/v2\/pages\/272","targetHints":{"allow":["GET"]}}],"collection":[{"href":"https:\/\/pacific-logging.com\/site\/wp-json\/wp\/v2\/pages"}],"about":[{"href":"https:\/\/pacific-logging.com\/site\/wp-json\/wp\/v2\/types\/page"}],"author":[{"embeddable":true,"href":"https:\/\/pacific-logging.com\/site\/wp-json\/wp\/v2\/users\/1"}],"replies":[{"embeddable":true,"href":"https:\/\/pacific-logging.com\/site\/wp-json\/wp\/v2\/comments?post=272"}],"version-history":[{"count":3,"href":"https:\/\/pacific-logging.com\/site\/wp-json\/wp\/v2\/pages\/272\/revisions"}],"predecessor-version":[{"id":275,"href":"https:\/\/pacific-logging.com\/site\/wp-json\/wp\/v2\/pages\/272\/revisions\/275"}],"wp:attachment":[{"href":"https:\/\/pacific-logging.com\/site\/wp-json\/wp\/v2\/media?parent=272"}],"curies":[{"name":"wp","href":"https:\/\/api.w.org\/{rel}","templated":true}]}}