{"id":277,"date":"2022-05-06T18:56:19","date_gmt":"2022-05-06T18:56:19","guid":{"rendered":"https:\/\/pacific-logging.com\/site\/about-us\/"},"modified":"2022-05-06T18:59:26","modified_gmt":"2022-05-06T18:59:26","slug":"software-y-hardware","status":"publish","type":"page","link":"https:\/\/pacific-logging.com\/site\/software-y-hardware\/","title":{"rendered":"Software y Hardware"},"content":{"rendered":"\n\n\n<h2>Desarrollos Tecnol\u00f3gicos, Software y Hardware<\/h2>\n\n\n\n\n\nDesarrollo de interfaces hombre-maquina (HMI).\nSistemas de control (Nivel, Flujo, Presi\u00f3n, Temperatura, Fire &#038; Gas).\nDise\u00f1o y adaptaci\u00f3n de hardware y firmware multiproceso.\nAdquisici\u00f3n y transmisi\u00f3n de datos en tiempo real.\n\n\n\n\nDise\u00f1o, configuraci\u00f3n, calibraci\u00f3n y certificaci\u00f3n de hardware, firmware y software para sistemas de medici\u00f3n.\nSuministro y mantenimiento a equipos de procesos de superficie.\nSuministro, adecuaci\u00f3n y mantenimiento a control de motores y variadores de frecuencia.\n\n\n\n","protected":false},"excerpt":{"rendered":"","protected":false},"author":1,"featured_media":0,"parent":0,"menu_order":0,"comment_status":"closed","ping_status":"closed","template":"","meta":{"footnotes":""},"class_list":["post-277","page","type-page","status-publish","hentry"],"_links":{"self":[{"href":"https:\/\/pacific-logging.com\/site\/wp-json\/wp\/v2\/pages\/277","targetHints":{"allow":["GET"]}}],"collection":[{"href":"https:\/\/pacific-logging.com\/site\/wp-json\/wp\/v2\/pages"}],"about":[{"href":"https:\/\/pacific-logging.com\/site\/wp-json\/wp\/v2\/types\/page"}],"author":[{"embeddable":true,"href":"https:\/\/pacific-logging.com\/site\/wp-json\/wp\/v2\/users\/1"}],"replies":[{"embeddable":true,"href":"https:\/\/pacific-logging.com\/site\/wp-json\/wp\/v2\/comments?post=277"}],"version-history":[{"count":2,"href":"https:\/\/pacific-logging.com\/site\/wp-json\/wp\/v2\/pages\/277\/revisions"}],"predecessor-version":[{"id":279,"href":"https:\/\/pacific-logging.com\/site\/wp-json\/wp\/v2\/pages\/277\/revisions\/279"}],"wp:attachment":[{"href":"https:\/\/pacific-logging.com\/site\/wp-json\/wp\/v2\/media?parent=277"}],"curies":[{"name":"wp","href":"https:\/\/api.w.org\/{rel}","templated":true}]}}