{"id":318,"date":"2025-07-14T15:49:52","date_gmt":"2025-07-14T19:49:52","guid":{"rendered":"https:\/\/pacific-logging.com\/site\/about-us\/"},"modified":"2025-07-14T15:58:31","modified_gmt":"2025-07-14T19:58:31","slug":"scadaway","status":"publish","type":"page","link":"https:\/\/pacific-logging.com\/site\/scadaway\/","title":{"rendered":"Scadaway"},"content":{"rendered":"\n\n\n<h2>SCADAWAY<\/h2>\n\n\n\n\n<h2>El Software<\/h2>\n<strong>ScadaWay<\/strong>\u2122 Es una aplicaci\u00f3n web orientada al monitoreo  en \ntiempo real de par\u00e1metros de pozos de producci\u00f3n petrolera.  \nCuenta con una interfaz amigable al usuario y ofrece un amplio  \nmargen de personalizaci\u00f3n mediante un potente generador de  \nplantillas.\n\n\n<h2>Caracter&iacute;sticas<\/h2>\nEl sistema provee una grilla con informaci\u00f3n actualizada de\n cada par\u00e1metro a la frecuencia requerida por el cliente,  \npermitiendo de esta manera hacer un seguimiento constante \na cada pozo registrado.\n<br><br>La grilla de informaci\u00f3n permite organizar las transmisiones seg\u00fan \nel m\u00e9todo de producci\u00f3n seleccionado, as\u00ed como ofrecer al usuario\n alarmas visuales para una r\u00e1pida detecci\u00f3n de anomal\u00edas.\n<p><strong> \nScadaWay<\/strong>\u2122 ofrece un modulo de visualizaci\u00f3n de tendencias  \n(hasta 4 pozos en simultaneo) que viene a complementar el modo \nnum\u00e9rico desplegado en la vista principal. Estos controles son \nconfigurables en cuanto a frecuencia y cantidad de datos a \nmostrar.<\/p>\n<p>La grilla principal de datos cuenta con un algoritmo capaz de  \nnotificar mediante colores llamativos la ocurrencia de condiciones \nno deseadas en el pozo, al efectuar un an\u00e1lisis autom\u00e1tico de la  \ndata recibida en tiempo real; por ejemplo problemas de  \nrevestimiento, taponamientos, con un mal funcionamiento y otras  \nalertas relevantes.<\/p>\n\n\n\n\n\n\n\n\n\n\n\n\n\n\n<p>Una funcionalidad a destacar dentro de <strong>ScadaWay<\/strong>\u2122 es el  \nAn\u00e1lisis Nodal, el cual puede ser ejecutado dentro de la  \nmisma aplicaci\u00f3n sin necesidad de recurrir a una herramienta \nexterna; aprovechando al m\u00e1ximo la disponibilidad de datos.<\/p>\n\n\n\n\n<p>En los casos donde se cuente con una transmisi\u00f3n activa de \nprueba  \nde pozos (well testing), el sistema dispondr\u00e1 un \ndespliegue para tal  fin; en el cual el elemento principal es el \nmanifold involucrado en la  operaci\u00f3n as\u00ed como los dem\u00e1s \ncontroles ofrecidos por <strong>ScadaWay<\/strong>\u2122. <\/p>\n<p> Dichas pruebas, pueden \nser programadas desde la propia aplicaci\u00f3n  e iniciar la recepci\u00f3n \nde datos de forma automatizada.<\/p>\n\n\n\n\n\n","protected":false},"excerpt":{"rendered":"","protected":false},"author":1,"featured_media":0,"parent":0,"menu_order":0,"comment_status":"closed","ping_status":"closed","template":"","meta":{"footnotes":""},"class_list":["post-318","page","type-page","status-publish","hentry"],"_links":{"self":[{"href":"https:\/\/pacific-logging.com\/site\/wp-json\/wp\/v2\/pages\/318","targetHints":{"allow":["GET"]}}],"collection":[{"href":"https:\/\/pacific-logging.com\/site\/wp-json\/wp\/v2\/pages"}],"about":[{"href":"https:\/\/pacific-logging.com\/site\/wp-json\/wp\/v2\/types\/page"}],"author":[{"embeddable":true,"href":"https:\/\/pacific-logging.com\/site\/wp-json\/wp\/v2\/users\/1"}],"replies":[{"embeddable":true,"href":"https:\/\/pacific-logging.com\/site\/wp-json\/wp\/v2\/comments?post=318"}],"version-history":[{"count":5,"href":"https:\/\/pacific-logging.com\/site\/wp-json\/wp\/v2\/pages\/318\/revisions"}],"predecessor-version":[{"id":331,"href":"https:\/\/pacific-logging.com\/site\/wp-json\/wp\/v2\/pages\/318\/revisions\/331"}],"wp:attachment":[{"href":"https:\/\/pacific-logging.com\/site\/wp-json\/wp\/v2\/media?parent=318"}],"curies":[{"name":"wp","href":"https:\/\/api.w.org\/{rel}","templated":true}]}}