{"id":37,"date":"2022-05-04T13:18:02","date_gmt":"2022-05-04T17:18:02","guid":{"rendered":"https:\/\/pacific-logging.com\/site\/services\/"},"modified":"2025-07-14T15:54:07","modified_gmt":"2025-07-14T19:54:07","slug":"services","status":"publish","type":"page","link":"https:\/\/pacific-logging.com\/site\/services\/","title":{"rendered":"Services"},"content":{"rendered":"\n\n\n<h2>Nuestras Soluciones<\/h2>\n\n\n\n\n\n\nMediciones precisas, en tiempo real, de flujo de gas a bajas y medias presiones\nObtiene toda la\ninformaci\u00f3n generada durante las actividades de perforaci\u00f3n y terminaci\u00f3n de pozos.\nEs una aplicaci\u00f3n web orientada al monitoreo en tiempo real\nde par\u00e1metros provenientes de fuentes industriales\n\n\nMediciones precisas, en tiempo real, de crudo, agua y gas con\nseparaci\u00f3n de fases\nEs un sistema de transmisi\u00f3n de datos de perforaci&oacute;n en tiempo real basado en\ntecnolog\u00eda web\n\n\ninstrumentaci\u00f3n digital dise\u00f1ada para\nadquirir, procesar y monitorear los par\u00e1metros de\nperforaci\u00f3n\nSistema de Adquisici&oacute;n y visualizaci&oacute;n de datos en la operaci&oacute;n de turbinas a gas\n\n\n\n\n","protected":false},"excerpt":{"rendered":"","protected":false},"author":0,"featured_media":0,"parent":0,"menu_order":0,"comment_status":"closed","ping_status":"closed","template":"","meta":{"footnotes":""},"class_list":["post-37","page","type-page","status-publish","hentry"],"_links":{"self":[{"href":"https:\/\/pacific-logging.com\/site\/wp-json\/wp\/v2\/pages\/37","targetHints":{"allow":["GET"]}}],"collection":[{"href":"https:\/\/pacific-logging.com\/site\/wp-json\/wp\/v2\/pages"}],"about":[{"href":"https:\/\/pacific-logging.com\/site\/wp-json\/wp\/v2\/types\/page"}],"replies":[{"embeddable":true,"href":"https:\/\/pacific-logging.com\/site\/wp-json\/wp\/v2\/comments?post=37"}],"version-history":[{"count":27,"href":"https:\/\/pacific-logging.com\/site\/wp-json\/wp\/v2\/pages\/37\/revisions"}],"predecessor-version":[{"id":328,"href":"https:\/\/pacific-logging.com\/site\/wp-json\/wp\/v2\/pages\/37\/revisions\/328"}],"wp:attachment":[{"href":"https:\/\/pacific-logging.com\/site\/wp-json\/wp\/v2\/media?parent=37"}],"curies":[{"name":"wp","href":"https:\/\/api.w.org\/{rel}","templated":true}]}}