{"id":38,"date":"2022-05-04T13:18:02","date_gmt":"2022-05-04T13:18:02","guid":{"rendered":"https:\/\/pacific-logging.com\/site\/about-us\/"},"modified":"2022-05-05T18:49:00","modified_gmt":"2022-05-05T18:49:00","slug":"about-us","status":"publish","type":"page","link":"https:\/\/pacific-logging.com\/site\/about-us\/","title":{"rendered":"About Us"},"content":{"rendered":"\n\n\n<h2>Nosotros<\/h2>\n\n\n\n\n<h2>La Empresa<\/h2>\n<p>Somos una empresa <b>100%\nVenezolana<\/b> con mas de 16 a\u00f1os de experiencia certificada y referenciada, dedicada al dise\u00f1o,\nfabricaci\u00f3n, integraci\u00f3n y suministro de soluciones para la industria del petr\u00f3leo y gas e\nindustria en general, con un alcance definido en los procesos que abarcan desde la\nexploraci\u00f3n, facilidades de superficie, procesamiento de producci\u00f3n, automatizaci\u00f3n y control\nde procesos hasta fiscalizaci\u00f3n, transferencia y custodia en el despacho y entrega de productos\nterminados.<\/p>\n\n\n\n\n\n\n\n\n\n<h6>A&ntilde;os de Experiencia<\/h6>\n\n\n\n<h6>Clientes Satisfechos<\/h6>\n\n\n\n<h6>Profesionales<\/h6>\n\n\n\n<h6>Departamentos<\/h6>\n\n\n\n\n<h2>Nuestras Instalaciones<\/h2>\n<p>Contamos con instalaciones propias dise&ntilde;adas especialmente para el desarrollo de nuestras actividades en el mercado industrial.<\/p>\n\n\n\n","protected":false},"excerpt":{"rendered":"","protected":false},"author":0,"featured_media":0,"parent":0,"menu_order":0,"comment_status":"closed","ping_status":"closed","template":"","meta":{"footnotes":""},"class_list":["post-38","page","type-page","status-publish","hentry"],"_links":{"self":[{"href":"https:\/\/pacific-logging.com\/site\/wp-json\/wp\/v2\/pages\/38","targetHints":{"allow":["GET"]}}],"collection":[{"href":"https:\/\/pacific-logging.com\/site\/wp-json\/wp\/v2\/pages"}],"about":[{"href":"https:\/\/pacific-logging.com\/site\/wp-json\/wp\/v2\/types\/page"}],"replies":[{"embeddable":true,"href":"https:\/\/pacific-logging.com\/site\/wp-json\/wp\/v2\/comments?post=38"}],"version-history":[{"count":8,"href":"https:\/\/pacific-logging.com\/site\/wp-json\/wp\/v2\/pages\/38\/revisions"}],"predecessor-version":[{"id":170,"href":"https:\/\/pacific-logging.com\/site\/wp-json\/wp\/v2\/pages\/38\/revisions\/170"}],"wp:attachment":[{"href":"https:\/\/pacific-logging.com\/site\/wp-json\/wp\/v2\/media?parent=38"}],"curies":[{"name":"wp","href":"https:\/\/api.w.org\/{rel}","templated":true}]}}